{"id":2492,"date":"2022-11-20T01:02:40","date_gmt":"2022-11-20T00:02:40","guid":{"rendered":"https:\/\/www.krisfyr.com\/shop\/shop\/tiny-waves-organic-oversize-sweatshirt\/"},"modified":"2022-11-20T11:02:27","modified_gmt":"2022-11-20T10:02:27","slug":"tiny-waves-organic-oversize-sweatshirt","status":"publish","type":"product","link":"https:\/\/www.krisfyr.com\/shop\/shop\/tiny-waves-organic-oversize-sweatshirt\/","title":{"rendered":"Tiny WAVES &#8211; Organic Oversize Sweatshirt"},"content":{"rendered":"<p>Ob Surfer, Kiter, Segler oder einfach Wasser-Fan, Tiny WAVES zeigt, was du magst &#8211; ganz dezent.<\/p>\n<ul>\n<li>L\u00e4ssiges Rundhals Unisex-Sweatshirt<\/li>\n<li>Material: 85 % Baumwolle (Bio-Qualit\u00e4t, ringgesponnen, gek\u00e4mmt), 15 % Polyester (recycelt)<\/li>\n<li>Grammatur: 350 g\/m\u00b2<\/li>\n<li>Schnitt: Relaxed Fit<\/li>\n<li>Eingesetzter \u00c4rmel (Set-In)<\/li>\n<li>2&#215;2-Rippstrick an Halsausschnitt, \u00c4rmelenden und unterem Saum<\/li>\n<li>Nackenband mit Fischgr\u00e4tmuster<\/li>\n<li>Abgesetzter Halbmond im Nacken, aus Eigenstoff<\/li>\n<li>Einfache Absteppung am Halsausschnitt<\/li>\n<li>Doppelabsteppung an \u00c4rmelans\u00e4tzen, \u00c4rmelenden und unterem Saum<\/li>\n<\/ul>\n<p><img src='https:\/\/printassets.s3-eu-west-1.amazonaws.com\/sizecharts\/size_chart_organic_oversize_sweatshirt.svg' \/><\/p>\n","protected":false},"excerpt":{"rendered":"<p>Ob Surfer, Kiter, Segler oder einfach Wasser-Fan, Tiny WAVES zeigt, was du magst &#8211; ganz dezent. L\u00e4ssiges Rundhals Unisex-Sweatshirt Material: 85 % Baumwolle (Bio-Qualit\u00e4t, ringgesponnen, gek\u00e4mmt), 15 % Polyester (recycelt) Grammatur: 350 g\/m\u00b2 Schnitt: Relaxed Fit Eingesetzter \u00c4rmel (Set-In) 2&#215;2-Rippstrick an Halsausschnitt, \u00c4rmelenden und unterem Saum Nackenband mit Fischgr\u00e4tmuster Abgesetzter Halbmond im Nacken, aus Eigenstoff [&hellip;]<\/p>\n","protected":false},"featured_media":2528,"comment_status":"open","ping_status":"closed","template":"","meta":[],"product_brand":[],"product_cat":[38,56,71],"product_tag":[],"class_list":{"0":"post-2492","1":"product","2":"type-product","3":"status-publish","4":"has-post-thumbnail","6":"product_cat-kleidung","7":"product_cat-sweatshirt","8":"product_cat-waves","9":"pa_farbe-black","10":"pa_farbe-burgundy","11":"pa_farbe-dark-heather-grey","12":"pa_farbe-french-navy","13":"pa_farbe-heather-grey","14":"pa_farbe-natural-raw","15":"pa_farbe-white","16":"pa_groesse-l","17":"pa_groesse-m","18":"pa_groesse-s","19":"pa_groesse-xl","20":"pa_groesse-xxl","22":"first","23":"instock","24":"taxable","25":"shipping-taxable","26":"purchasable","27":"product-type-variable"},"jetpack_sharing_enabled":true,"_links":{"self":[{"href":"https:\/\/www.krisfyr.com\/shop\/wp-json\/wp\/v2\/product\/2492","targetHints":{"allow":["GET"]}}],"collection":[{"href":"https:\/\/www.krisfyr.com\/shop\/wp-json\/wp\/v2\/product"}],"about":[{"href":"https:\/\/www.krisfyr.com\/shop\/wp-json\/wp\/v2\/types\/product"}],"replies":[{"embeddable":true,"href":"https:\/\/www.krisfyr.com\/shop\/wp-json\/wp\/v2\/comments?post=2492"}],"wp:featuredmedia":[{"embeddable":true,"href":"https:\/\/www.krisfyr.com\/shop\/wp-json\/wp\/v2\/media\/2528"}],"wp:attachment":[{"href":"https:\/\/www.krisfyr.com\/shop\/wp-json\/wp\/v2\/media?parent=2492"}],"wp:term":[{"taxonomy":"product_brand","embeddable":true,"href":"https:\/\/www.krisfyr.com\/shop\/wp-json\/wp\/v2\/product_brand?post=2492"},{"taxonomy":"product_cat","embeddable":true,"href":"https:\/\/www.krisfyr.com\/shop\/wp-json\/wp\/v2\/product_cat?post=2492"},{"taxonomy":"product_tag","embeddable":true,"href":"https:\/\/www.krisfyr.com\/shop\/wp-json\/wp\/v2\/product_tag?post=2492"}],"curies":[{"name":"wp","href":"https:\/\/api.w.org\/{rel}","templated":true}]}}