{"id":1880,"date":"2022-11-05T17:41:22","date_gmt":"2022-11-05T16:41:22","guid":{"rendered":"https:\/\/www.krisfyr.com\/shop\/shop\/basics-organic-shirt\/"},"modified":"2022-11-05T19:41:31","modified_gmt":"2022-11-05T18:41:31","slug":"basics-organic-shirt","status":"publish","type":"product","link":"https:\/\/www.krisfyr.com\/shop\/shop\/basics-organic-shirt\/","title":{"rendered":"Basics &#8211; Organic Shirt"},"content":{"rendered":"<p>Kein auff\u00e4lliges Design, lediglich das KF-Emblem klein auf dem R\u00fccken. Perfekt f\u00fcr jeden Tag.<\/p>\n<ul>\n<li>Material: 100 % Baumwolle (Bio-Qualit\u00e4t, ringgesponnen, gek\u00e4mmt)<\/li>\n<li>Grammatur: 180 g\/m\u00b2<\/li>\n<li>Schnitt: normale Passform<\/li>\n<li>Eingesetzte \u00c4rmel<\/li>\n<li>Single Jersey<\/li>\n<\/ul>\n<p><img src='https:\/\/printassets.s3.eu-west-1.amazonaws.com\/sizecharts\/size_chart_organic_shirt.svg' \/><\/p>\n","protected":false},"excerpt":{"rendered":"<p>Kein auff\u00e4lliges Design, lediglich das KF-Emblem klein auf dem R\u00fccken. Perfekt f\u00fcr jeden Tag. Material: 100 % Baumwolle (Bio-Qualit\u00e4t, ringgesponnen, gek\u00e4mmt) Grammatur: 180 g\/m\u00b2 Schnitt: normale Passform Eingesetzte \u00c4rmel Single Jersey<\/p>\n","protected":false},"featured_media":1867,"comment_status":"open","ping_status":"closed","template":"","meta":[],"product_brand":[],"product_cat":[73,38,58,40],"product_tag":[],"class_list":{"0":"post-1880","1":"product","2":"type-product","3":"status-publish","4":"has-post-thumbnail","6":"product_cat-basics","7":"product_cat-kleidung","8":"product_cat-merch","9":"product_cat-t-shirt","10":"pa_farbe-anthracite","11":"pa_farbe-black","12":"pa_farbe-bottle-green","13":"pa_farbe-bright-orange","14":"pa_farbe-burgundy","15":"pa_farbe-citadel-blue","16":"pa_farbe-french-navy","17":"pa_farbe-fresh-green","18":"pa_farbe-natural-raw","19":"pa_farbe-red","20":"pa_farbe-spectra-yellow","21":"pa_farbe-stargazer","22":"pa_farbe-white","23":"pa_groesse-3xl","24":"pa_groesse-4xl","25":"pa_groesse-5xl","26":"pa_groesse-l","27":"pa_groesse-m","28":"pa_groesse-s","29":"pa_groesse-xl","30":"pa_groesse-xs","31":"pa_groesse-xxl","33":"first","34":"instock","35":"taxable","36":"shipping-taxable","37":"purchasable","38":"product-type-variable"},"jetpack_sharing_enabled":true,"_links":{"self":[{"href":"https:\/\/www.krisfyr.com\/shop\/wp-json\/wp\/v2\/product\/1880","targetHints":{"allow":["GET"]}}],"collection":[{"href":"https:\/\/www.krisfyr.com\/shop\/wp-json\/wp\/v2\/product"}],"about":[{"href":"https:\/\/www.krisfyr.com\/shop\/wp-json\/wp\/v2\/types\/product"}],"replies":[{"embeddable":true,"href":"https:\/\/www.krisfyr.com\/shop\/wp-json\/wp\/v2\/comments?post=1880"}],"wp:featuredmedia":[{"embeddable":true,"href":"https:\/\/www.krisfyr.com\/shop\/wp-json\/wp\/v2\/media\/1867"}],"wp:attachment":[{"href":"https:\/\/www.krisfyr.com\/shop\/wp-json\/wp\/v2\/media?parent=1880"}],"wp:term":[{"taxonomy":"product_brand","embeddable":true,"href":"https:\/\/www.krisfyr.com\/shop\/wp-json\/wp\/v2\/product_brand?post=1880"},{"taxonomy":"product_cat","embeddable":true,"href":"https:\/\/www.krisfyr.com\/shop\/wp-json\/wp\/v2\/product_cat?post=1880"},{"taxonomy":"product_tag","embeddable":true,"href":"https:\/\/www.krisfyr.com\/shop\/wp-json\/wp\/v2\/product_tag?post=1880"}],"curies":[{"name":"wp","href":"https:\/\/api.w.org\/{rel}","templated":true}]}}