{"id":1802,"date":"2022-11-05T17:25:55","date_gmt":"2022-11-05T16:25:55","guid":{"rendered":"https:\/\/www.krisfyr.com\/shop\/shop\/mountain-view-organic-basic-hoodie\/"},"modified":"2022-11-05T19:42:00","modified_gmt":"2022-11-05T18:42:00","slug":"mountain-view-organic-basic-hoodie","status":"publish","type":"product","link":"https:\/\/www.krisfyr.com\/shop\/shop\/mountain-view-organic-basic-hoodie\/","title":{"rendered":"Mountain View &#8211; Organic Basic Hoodie"},"content":{"rendered":"<p>Schlichtes Design, Berge, Tannen und leichte H\u00fcgel &#8211; Naturgef\u00fchle pur!<\/p>\n<ul>\n<li>Material: 85 % Baumwolle (Bio-Qualit\u00e4t, ringgesponnen, gek\u00e4mmt), 15 % Polyester (recycelt)<\/li>\n<li>Grammatur: 280 g\/m\u00b2<\/li>\n<li>Schnitt: normale Passform<\/li>\n<li>Langarm mit eingesetztem \u00c4rmel<\/li>\n<li>Kapuze mit Jersey-Futter<\/li>\n<li>Runde gleichfarbige Kordel<\/li>\n<li>\u00d6sen an der Kapuze (mit Knopflochstich eingefasst)<\/li>\n<li>Nackenband am Halsausschnitt mit Fischgr\u00e4tmuster<\/li>\n<li>K\u00e4ngurutasche mit Flatlock-Absteppung<\/li>\n<\/ul>\n<p><img src='https:\/\/printassets.s3.eu-west-1.amazonaws.com\/sizecharts\/size_chart_organic_basic_hoodie.svg' \/><\/p>\n","protected":false},"excerpt":{"rendered":"<p>Schlichtes Design, Berge, Tannen und leichte H\u00fcgel &#8211; Naturgef\u00fchle pur! Material: 85 % Baumwolle (Bio-Qualit\u00e4t, ringgesponnen, gek\u00e4mmt), 15 % Polyester (recycelt) Grammatur: 280 g\/m\u00b2 Schnitt: normale Passform Langarm mit eingesetztem \u00c4rmel Kapuze mit Jersey-Futter Runde gleichfarbige Kordel \u00d6sen an der Kapuze (mit Knopflochstich eingefasst) Nackenband am Halsausschnitt mit Fischgr\u00e4tmuster K\u00e4ngurutasche mit Flatlock-Absteppung<\/p>\n","protected":false},"featured_media":1791,"comment_status":"open","ping_status":"closed","template":"","meta":[],"product_brand":[],"product_cat":[39,38,72],"product_tag":[],"class_list":{"0":"post-1802","1":"product","2":"type-product","3":"status-publish","4":"has-post-thumbnail","6":"product_cat-hoodie","7":"product_cat-kleidung","8":"product_cat-mountainview","9":"pa_farbe-anthracite","10":"pa_farbe-black","11":"pa_farbe-bottle-green","12":"pa_farbe-burgundy","13":"pa_farbe-dark-heather-grey","14":"pa_farbe-french-navy","15":"pa_farbe-khaki","16":"pa_farbe-raspberry","17":"pa_farbe-red","18":"pa_farbe-royal-blue","19":"pa_farbe-white","20":"pa_groesse-3xl","21":"pa_groesse-4xl","22":"pa_groesse-5xl","23":"pa_groesse-l","24":"pa_groesse-m","25":"pa_groesse-s","26":"pa_groesse-xl","27":"pa_groesse-xs","28":"pa_groesse-xxl","30":"first","31":"instock","32":"taxable","33":"shipping-taxable","34":"purchasable","35":"product-type-variable"},"jetpack_sharing_enabled":true,"_links":{"self":[{"href":"https:\/\/www.krisfyr.com\/shop\/wp-json\/wp\/v2\/product\/1802","targetHints":{"allow":["GET"]}}],"collection":[{"href":"https:\/\/www.krisfyr.com\/shop\/wp-json\/wp\/v2\/product"}],"about":[{"href":"https:\/\/www.krisfyr.com\/shop\/wp-json\/wp\/v2\/types\/product"}],"replies":[{"embeddable":true,"href":"https:\/\/www.krisfyr.com\/shop\/wp-json\/wp\/v2\/comments?post=1802"}],"wp:featuredmedia":[{"embeddable":true,"href":"https:\/\/www.krisfyr.com\/shop\/wp-json\/wp\/v2\/media\/1791"}],"wp:attachment":[{"href":"https:\/\/www.krisfyr.com\/shop\/wp-json\/wp\/v2\/media?parent=1802"}],"wp:term":[{"taxonomy":"product_brand","embeddable":true,"href":"https:\/\/www.krisfyr.com\/shop\/wp-json\/wp\/v2\/product_brand?post=1802"},{"taxonomy":"product_cat","embeddable":true,"href":"https:\/\/www.krisfyr.com\/shop\/wp-json\/wp\/v2\/product_cat?post=1802"},{"taxonomy":"product_tag","embeddable":true,"href":"https:\/\/www.krisfyr.com\/shop\/wp-json\/wp\/v2\/product_tag?post=1802"}],"curies":[{"name":"wp","href":"https:\/\/api.w.org\/{rel}","templated":true}]}}