{"id":254,"date":"2022-03-04T10:44:58","date_gmt":"2022-03-04T09:44:58","guid":{"rendered":"https:\/\/www.krisfyr.com\/shop\/?page_id=254"},"modified":"2022-11-05T16:42:16","modified_gmt":"2022-11-05T15:42:16","slug":"nachhaltigkeit","status":"publish","type":"page","link":"https:\/\/www.krisfyr.com\/shop\/nachhaltigkeit\/","title":{"rendered":"Nachhaltigkeit"},"content":{"rendered":"\n<p class=\"has-huge-font-size\"><strong>Nachhaltigkeit unserer Produkte<\/strong><\/p>\n\n\n\n<p>All unsere Organic Kleidungsst\u00fccke, die wir Dir hier anbieten werden aus Bio-Baumwolle gefertigt und erst hergestellt, wenn du sie tats\u00e4chlich auch bestellst. Als Anbieter nutzen wir Stanley\/Stella, die sich stark f\u00fcr eine transparente Lieferkette und soziale und \u00f6kologische Nachhaltigkeit einsetzen. Mehr zu ihren Werten erf\u00e4hrst du <a href=\"https:\/\/www.stanleystella.com\/de-de\/unser-weg-zur-nachhaltigkeit\" target=\"_blank\" rel=\"noreferrer noopener\">hier<\/a>.<\/p>\n\n\n\n<p>F\u00fcr alle verkauften Produkte der solidarity und imagine. Kollektionen spenden wir den Gewinn an die <a href=\"https:\/\/www.aktion-deutschland-hilft.de\/de\/hilfseinsaetze\/nothilfe-ukraine\/\" target=\"_blank\" rel=\"noreferrer noopener\">Aktion Deutschland Hilft<\/a> zur Nothilfe in der Ukraine.<\/p>\n","protected":false},"excerpt":{"rendered":"<p>Nachhaltigkeit unserer Produkte All unsere Organic Kleidungsst\u00fccke, die wir Dir hier anbieten werden aus Bio-Baumwolle gefertigt und erst hergestellt, wenn du sie tats\u00e4chlich auch bestellst. Als Anbieter nutzen wir Stanley\/Stella, die sich stark f\u00fcr eine transparente Lieferkette und soziale und \u00f6kologische Nachhaltigkeit einsetzen. Mehr zu ihren Werten erf\u00e4hrst du hier. F\u00fcr alle verkauften Produkte der [&hellip;]<\/p>\n","protected":false},"author":1,"featured_media":694,"parent":0,"menu_order":0,"comment_status":"closed","ping_status":"closed","template":"","meta":{"footnotes":""},"class_list":["post-254","page","type-page","status-publish","has-post-thumbnail","hentry"],"jetpack_sharing_enabled":true,"_links":{"self":[{"href":"https:\/\/www.krisfyr.com\/shop\/wp-json\/wp\/v2\/pages\/254","targetHints":{"allow":["GET"]}}],"collection":[{"href":"https:\/\/www.krisfyr.com\/shop\/wp-json\/wp\/v2\/pages"}],"about":[{"href":"https:\/\/www.krisfyr.com\/shop\/wp-json\/wp\/v2\/types\/page"}],"author":[{"embeddable":true,"href":"https:\/\/www.krisfyr.com\/shop\/wp-json\/wp\/v2\/users\/1"}],"replies":[{"embeddable":true,"href":"https:\/\/www.krisfyr.com\/shop\/wp-json\/wp\/v2\/comments?post=254"}],"version-history":[{"count":8,"href":"https:\/\/www.krisfyr.com\/shop\/wp-json\/wp\/v2\/pages\/254\/revisions"}],"predecessor-version":[{"id":1516,"href":"https:\/\/www.krisfyr.com\/shop\/wp-json\/wp\/v2\/pages\/254\/revisions\/1516"}],"wp:featuredmedia":[{"embeddable":true,"href":"https:\/\/www.krisfyr.com\/shop\/wp-json\/wp\/v2\/media\/694"}],"wp:attachment":[{"href":"https:\/\/www.krisfyr.com\/shop\/wp-json\/wp\/v2\/media?parent=254"}],"curies":[{"name":"wp","href":"https:\/\/api.w.org\/{rel}","templated":true}]}}